{"id":22,"date":"2022-05-22T09:25:15","date_gmt":"2022-05-22T09:25:15","guid":{"rendered":"https:\/\/starnberg-bluesrock.de\/?page_id=22"},"modified":"2022-05-28T15:01:18","modified_gmt":"2022-05-28T15:01:18","slug":"impressum-datenschutz","status":"publish","type":"page","link":"https:\/\/starnberg-bluesrock.de\/?page_id=22","title":{"rendered":"Impressum"},"content":{"rendered":"<div class=\"page\" title=\"Page 4\"><span style=\"font-family: arial, helvetica, sans-serif; font-size: 12pt;\"><strong>Impressum\u00a0<\/strong><\/span><\/div>\n<div title=\"Page 4\"><span style=\"font-family: arial, helvetica, sans-serif; font-size: 12pt;\"><strong>Angaben gem\u00e4\u00df \u00a7 5 TMG:<\/strong><\/span><\/div>\n<div class=\"page\" title=\"Page 1\">\n<div class=\"layoutArea\">\n<div class=\"column\">\n<p><span style=\"font-family: arial, helvetica, sans-serif; font-size: 12pt;\">Michael Frank, Marthastr. 16, 82131 Gauting<br \/>\nTelefon +49 172 8103284, E-Mail <a href=\"mailto:frank.starnberg@web.de\">frank.starnberg@web.de<\/a><\/span><\/p>\n<p><span style=\"font-family: arial, helvetica, sans-serif; font-size: 12pt;\"><strong>Haftungsausschluss (Disclaimer) Haftung f\u00fcr Inhalte<\/strong><\/span><\/p>\n<\/div>\n<\/div>\n<\/div>\n<div class=\"page\" title=\"Page 2\">\n<div class=\"layoutArea\">\n<div class=\"column\">\n<p style=\"text-align: justify;\"><span style=\"font-family: arial, helvetica, sans-serif; font-size: 12pt;\">Als Diensteanbieter sind wir gem\u00e4\u00df \u00a7 7 Abs.1 TMG f\u00fcr eigene Inhalte auf diesen Seiten nach den allgemeinen Gesetzen verantwortlich. Nach \u00a7\u00a7 8 bis 10 TMG sind wir als Diensteanbieter jedoch nicht verpflichtet, \u00fcbermittelte oder gespeicherte fremde Informationen zu \u00fcberwachen oder nach Umst\u00e4nden zu forschen, die auf eine rechtswidrige T\u00e4tigkeit hinweisen.\u00a0Verpflichtungen zur Entfernung oder Sperrung der Nutzung von Informationen nach den allgemeinen Gesetzen bleiben hiervon unber\u00fchrt. Eine diesbez\u00fcgliche Haftung ist jedoch erst ab dem Zeitpunkt der Kenntnis einer konkreten Rechts-verletzung m\u00f6glich. Bei Bekanntwerden von entsprechenden Rechtsverletzungen werden wir diese Inhalte umgehend entfernen.<\/span><\/p>\n<p><span style=\"font-family: arial, helvetica, sans-serif; font-size: 12pt;\"><strong>Haftung f\u00fcr Links<\/strong><\/span><\/p>\n<p style=\"text-align: justify;\"><span style=\"font-size: 12pt; font-family: arial, helvetica, sans-serif;\">Unser Angebot enth\u00e4lt Links zu externen Webseiten Dritter, auf deren Inhalte wir keinen Einfluss haben. Deshalb k\u00f6nnen wir f\u00fcr diese fremden Inhalte auch keine Gew\u00e4hr \u00fcbernehmen. F\u00fcr die Inhalte der verlinkten Seiten ist stets der jeweilige Anbieter oder Betreiber der Seiten verantwortlich. Die verlinkten Seiten wurden zum Zeitpunkt der Verlinkung auf m\u00f6gliche Rechtsverst\u00f6\u00dfe \u00fcberpr\u00fcft. Rechtswidrige Inhalte waren zum Zeitpunkt der Verlinkung nicht erkennbar.\u00a0Eine permanente inhaltliche Kontrolle der verlinkten Seiten ist jedoch ohne konkrete Anhaltspunkte einer Rechtsverletzung nicht zumutbar. Bei Bekanntwerden von Rechtsverletzungen werden wir derartige Links umgehend entfernen.<\/span><\/p>\n<p><span style=\"font-family: arial, helvetica, sans-serif; font-size: 12pt;\"><strong>Urheberrecht<\/strong><\/span><\/p>\n<p style=\"text-align: justify;\"><span style=\"font-family: arial, helvetica, sans-serif; font-size: 12pt;\">Die durch die Seitenbetreiber erstellten Inhalte und Werke auf diesen Seiten unterliegen dem deutschen Urheberrecht. Die Vervielf\u00e4ltigung, Bearbeitung, Verbreitung und jede Art der Verwertung au\u00dferhalb der Grenzen des Urheberrechtes bed\u00fcrfen der schriftlichen Zustimmung des jeweiligen Autors bzw. Erstellers. Downloads und Kopien dieser Seite sind nur f\u00fcr den privaten, nicht kommerziellen Gebrauch gestattet.\u00a0Soweit die Inhalte auf dieser Seite nicht vom Betreiber erstellt wurden, werden die Urheberrechte Dritter beachtet. Insbesondere werden Inhalte Dritter als solche gekennzeichnet. Sollten Sie trotzdem auf eine Urheberrechtsverletzung aufmerksam werden, bitten wir um einen entsprechenden Hinweis. Bei Bekanntwerden von Rechtsverletzungen werden wir derartige Inhalte umgehend entfernen.<\/span><\/p>\n<\/div>\n<div class=\"page\" title=\"Page 3\">\n<div class=\"layoutArea\">\n<div class=\"column\">\n<p><span style=\"font-family: arial, helvetica, sans-serif; font-size: 12pt;\"><strong>Datenschutz<\/strong><\/span><\/p>\n<p style=\"text-align: justify;\"><span style=\"font-family: arial, helvetica, sans-serif; font-size: 12pt;\">Die Betreiber dieser Seiten nehmen den Schutz Ihrer pers\u00f6nlichen Daten sehr ernst. Wir behandeln Ihre personenbezogenen Daten vertraulich und ent-sprechend der gesetzlichen Datenschutzvorschriften sowie dieser Daten-schutzerkl\u00e4rung.\u00a0Die Nutzung unserer Webseite ist in der Regel ohne Angabe personenbezogener Daten m\u00f6glich. Soweit auf unseren Seiten personenbezogene Daten (beispielsweise Name, Anschrift oder E-Mail-Adressen) erhoben werden, erfolgt dies, soweit m\u00f6glich, stets auf freiwilliger Basis. Diese Daten werden ohne Ihre ausdr\u00fcckliche Zustimmung nicht an Dritte weitergegeben.\u00a0Wir weisen darauf hin, dass die Daten\u00fcbertragung im Internet (z.B. bei der Kommunikation per E-Mail) Sicherheitsl\u00fccken aufweisen kann. Ein l\u00fcckenloser Schutz der Daten vor dem Zugriff durch Dritte ist nicht m\u00f6glich.<\/span><\/p>\n<p><span style=\"font-family: arial, helvetica, sans-serif; font-size: 12pt;\"><strong>Datenschutzerkl\u00e4rung f\u00fcr die Nutzung von Facebook-Plugins (Like- Button)<\/strong><\/span><\/p>\n<p style=\"text-align: justify;\"><span style=\"font-family: arial, helvetica, sans-serif; font-size: 12pt;\">Auf unseren Seiten sind Plugins des sozialen Netzwerks Facebook, Anbieter Facebook Inc., 1 Hacker Way, Menlo Park, California 94025, USA, integriert. Die Facebook-Plugins erkennen Sie an dem Facebook-Logo oder dem \u201eLike-Button\u201c (\u201eGef\u00e4llt mir\u201c) auf unserer Seite. Eine \u00dcbersicht \u00fcber die Facebook-Plugins finden Sie hier: <a href=\"http:\/\/developers.facebook.com\/docs\/plugins\/\">http:\/\/developers.facebook.com\/docs\/plugins\/<\/a>.\u00a0Wenn Sie unsere Seiten besuchen, wird \u00fcber das Plugin eine direkte Verbindung zwischen Ihrem Browser und dem Facebook-Server hergestellt. Facebook erh\u00e4lt dadurch die Information, dass Sie mit Ihrer IP-Adresse unsere Seite besucht haben. Wenn Sie den Facebook \u201eLike-Button\u201c anklicken w\u00e4hrend Sie in Ihrem Facebook- Account eingeloggt sind, k\u00f6nnen Sie die Inhalte unserer Seiten auf Ihrem Facebook-Profil verlinken. Dadurch kann Facebook den Besuch unserer Seiten Ihrem Benutzerkonto zuordnen. Wir weisen darauf hin, dass wir als Anbieter der Seiten keine Kenntnis vom Inhalt der \u00fcbermittelten Daten sowie deren Nutzung durch Facebook\u00a0erhalten. Weitere Informationen hierzu finden Sie in der Datenschutzerkl\u00e4rung von Facebook unter <a href=\"http:\/\/de-de.facebook.com\/policy.php\">http:\/\/de-de.facebook.com\/policy.php<\/a>.\u00a0Wenn Sie nicht w\u00fcnschen, dass Facebook den Besuch unserer Seiten Ihrem Facebook-Nutzerkonto zuordnen kann, loggen Sie sich bitte aus Ihrem Facebook-Benutzerkonto aus.<\/span><\/p>\n<\/div>\n<\/div>\n<\/div>\n<div class=\"page\" title=\"Page 4\">\n<div class=\"layoutArea\">\n<div class=\"column\">\n<p><span style=\"font-family: arial, helvetica, sans-serif; font-size: 12pt;\"><strong>Datenschutzerkl\u00e4rung f\u00fcr die Nutzung von Twitter<\/strong><\/span><\/p>\n<p style=\"text-align: justify;\"><span style=\"font-family: arial, helvetica, sans-serif; font-size: 12pt;\">Auf unseren Seiten sind Funktionen des Dienstes Twitter eingebunden. Diese Funktionen werden angeboten durch die Twitter Inc., 1355 Market Street, Suite 900, San Francisco, CA 94103, USA. Durch das Benutzen von Twitter und der Funktion \u201eRe-Tweet\u201c werden die von Ihnen besuchten Webseiten mit Ihrem Twitter-Account verkn\u00fcpft und anderen Nutzern bekannt gegeben. Dabei werden auch Daten an Twitter \u00fcbertragen. Wir weisen darauf hin, dass wir als Anbieter der Seiten keine Kenntnis vom Inhalt der \u00fcbermittelten Daten sowie deren Nutzung durch Twitter erhalten. Weitere Informationen hierzu finden Sie in der Datenschutzerkl\u00e4rung von Twitter unter <a href=\"http:\/\/twitter.com\/privacy\">http:\/\/twitter.com\/privacy<\/a>.\u00a0Ihre Datenschutzeinstellungen bei Twitter k\u00f6nnen Sie in den Konto-Einstellungen unter: http:\/\/twitter.com\/account\/settings \u00e4ndern.<\/span><\/p>\n<p><span style=\"font-family: arial, helvetica, sans-serif; font-size: 12pt;\"><strong>Datenschutzerkl\u00e4rung f\u00fcr die Nutzung von YouTube<\/strong><\/span><\/p>\n<p style=\"text-align: justify;\"><span style=\"font-family: arial, helvetica, sans-serif; font-size: 12pt;\">Unsere Webseite nutzt Plugins der von Google betriebenen Seite YouTube. Betreiber der Seiten ist die YouTube, LLC, 901 Cherry Ave., San Bruno, CA 94066, USA. Wenn Sie eine unserer mit einem YouTube-Plugin ausgestatteten Seiten besuchen, wird eine Verbindung zu den Servern von YouTube hergestellt. Dabei wird dem Youtube-Server mitgeteilt, welche unserer Seiten Sie besucht haben.\u00a0Wenn Sie in Ihrem YouTube-Account eingeloggt sind erm\u00f6glichen Sie YouTube, Ihr Surfverhalten direkt Ihrem pers\u00f6nlichen Profil zuzuordnen. Dies k\u00f6nnen Sie verhindern, indem Sie sich aus Ihrem YouTube-Account ausloggen.<\/span><\/p>\n<p><span style=\"font-size: 12pt;\"><span style=\"font-family: arial, helvetica, sans-serif;\">Weitere Informationen zum Umgang von Nutzerdaten finden Sie in der Datenschutzerkl\u00e4rung von Youtube unter:<\/span><br \/>\n<span style=\"font-family: arial, helvetica, sans-serif;\"><a href=\"https:\/\/www.google.de\/intl\/de\/policies\/privacy\">https:\/\/www.google.de\/intl\/de\/policies\/privacy<\/a><\/span><br \/>\n<\/span><\/p>\n<\/div>\n<\/div>\n<\/div>\n<\/div>\n<\/div>\n","protected":false},"excerpt":{"rendered":"<p>Impressum\u00a0 Angaben gem\u00e4\u00df \u00a7 5 TMG: Michael Frank, Marthastr. 16, 82131 Gauting Telefon +49 172 8103284, E-Mail frank.starnberg@web.de Haftungsausschluss (Disclaimer) Haftung f\u00fcr Inhalte Als Diensteanbieter sind wir gem\u00e4\u00df \u00a7 7 Abs.1 TMG f\u00fcr eigene Inhalte auf diesen Seiten nach den allgemeinen Gesetzen verantwortlich. Nach \u00a7\u00a7 8 bis 10 TMG sind wir als Diensteanbieter jedoch nicht [&hellip;]<\/p>\n","protected":false},"author":1,"featured_media":0,"parent":0,"menu_order":0,"comment_status":"closed","ping_status":"closed","template":"","meta":{"footnotes":""},"class_list":["post-22","page","type-page","status-publish","hentry"],"yoast_head":"<!-- This site is optimized with the Yoast SEO plugin v27.4 - https:\/\/yoast.com\/product\/yoast-seo-wordpress\/ -->\n<title>Impressum - Starnberg Bluesrock<\/title>\n<meta name=\"robots\" content=\"index, follow, max-snippet:-1, max-image-preview:large, max-video-preview:-1\" \/>\n<link rel=\"canonical\" href=\"https:\/\/starnberg-bluesrock.de\/?page_id=22\" \/>\n<meta property=\"og:locale\" content=\"de_DE\" \/>\n<meta property=\"og:type\" content=\"article\" \/>\n<meta property=\"og:title\" content=\"Impressum - Starnberg Bluesrock\" \/>\n<meta property=\"og:description\" content=\"Impressum\u00a0 Angaben gem\u00e4\u00df \u00a7 5 TMG: Michael Frank, Marthastr. 16, 82131 Gauting Telefon +49 172 8103284, E-Mail frank.starnberg@web.de Haftungsausschluss (Disclaimer) Haftung f\u00fcr Inhalte Als Diensteanbieter sind wir gem\u00e4\u00df \u00a7 7 Abs.1 TMG f\u00fcr eigene Inhalte auf diesen Seiten nach den allgemeinen Gesetzen verantwortlich. Nach \u00a7\u00a7 8 bis 10 TMG sind wir als Diensteanbieter jedoch nicht [&hellip;]\" \/>\n<meta property=\"og:url\" content=\"https:\/\/starnberg-bluesrock.de\/?page_id=22\" \/>\n<meta property=\"og:site_name\" content=\"Starnberg Bluesrock\" \/>\n<meta property=\"article:publisher\" content=\"https:\/\/www.facebook.com\/starnbergbluesrockband\/\" \/>\n<meta property=\"article:modified_time\" content=\"2022-05-28T15:01:18+00:00\" \/>\n<meta name=\"twitter:card\" content=\"summary_large_image\" \/>\n<meta name=\"twitter:label1\" content=\"Gesch\u00e4tzte Lesezeit\" \/>\n\t<meta name=\"twitter:data1\" content=\"4\u00a0Minuten\" \/>\n<script type=\"application\/ld+json\" class=\"yoast-schema-graph\">{\"@context\":\"https:\\\/\\\/schema.org\",\"@graph\":[{\"@type\":\"WebPage\",\"@id\":\"https:\\\/\\\/starnberg-bluesrock.de\\\/?page_id=22\",\"url\":\"https:\\\/\\\/starnberg-bluesrock.de\\\/?page_id=22\",\"name\":\"Impressum - Starnberg Bluesrock\",\"isPartOf\":{\"@id\":\"https:\\\/\\\/starnberg-bluesrock.de\\\/#website\"},\"datePublished\":\"2022-05-22T09:25:15+00:00\",\"dateModified\":\"2022-05-28T15:01:18+00:00\",\"breadcrumb\":{\"@id\":\"https:\\\/\\\/starnberg-bluesrock.de\\\/?page_id=22#breadcrumb\"},\"inLanguage\":\"de\",\"potentialAction\":[{\"@type\":\"ReadAction\",\"target\":[\"https:\\\/\\\/starnberg-bluesrock.de\\\/?page_id=22\"]}]},{\"@type\":\"BreadcrumbList\",\"@id\":\"https:\\\/\\\/starnberg-bluesrock.de\\\/?page_id=22#breadcrumb\",\"itemListElement\":[{\"@type\":\"ListItem\",\"position\":1,\"name\":\"Startseite\",\"item\":\"https:\\\/\\\/starnberg-bluesrock.de\\\/\"},{\"@type\":\"ListItem\",\"position\":2,\"name\":\"Impressum\"}]},{\"@type\":\"WebSite\",\"@id\":\"https:\\\/\\\/starnberg-bluesrock.de\\\/#website\",\"url\":\"https:\\\/\\\/starnberg-bluesrock.de\\\/\",\"name\":\"Starnberg Bluesrock\",\"description\":\"Blues, Rock, Soul, Reggae &amp; mehr\",\"publisher\":{\"@id\":\"https:\\\/\\\/starnberg-bluesrock.de\\\/#\\\/schema\\\/person\\\/b09380e989ae605f721f5127d0f1e952\"},\"potentialAction\":[{\"@type\":\"SearchAction\",\"target\":{\"@type\":\"EntryPoint\",\"urlTemplate\":\"https:\\\/\\\/starnberg-bluesrock.de\\\/?s={search_term_string}\"},\"query-input\":{\"@type\":\"PropertyValueSpecification\",\"valueRequired\":true,\"valueName\":\"search_term_string\"}}],\"inLanguage\":\"de\"},{\"@type\":[\"Person\",\"Organization\"],\"@id\":\"https:\\\/\\\/starnberg-bluesrock.de\\\/#\\\/schema\\\/person\\\/b09380e989ae605f721f5127d0f1e952\",\"name\":\"Michi\",\"image\":{\"@type\":\"ImageObject\",\"inLanguage\":\"de\",\"@id\":\"https:\\\/\\\/starnberg-bluesrock.de\\\/wp-content\\\/uploads\\\/2022\\\/05\\\/cropped-cropped-cropped-cropped-cropped-LOGONEU-1-1.png\",\"url\":\"https:\\\/\\\/starnberg-bluesrock.de\\\/wp-content\\\/uploads\\\/2022\\\/05\\\/cropped-cropped-cropped-cropped-cropped-LOGONEU-1-1.png\",\"contentUrl\":\"https:\\\/\\\/starnberg-bluesrock.de\\\/wp-content\\\/uploads\\\/2022\\\/05\\\/cropped-cropped-cropped-cropped-cropped-LOGONEU-1-1.png\",\"width\":646,\"height\":105,\"caption\":\"Michi\"},\"logo\":{\"@id\":\"https:\\\/\\\/starnberg-bluesrock.de\\\/wp-content\\\/uploads\\\/2022\\\/05\\\/cropped-cropped-cropped-cropped-cropped-LOGONEU-1-1.png\"},\"sameAs\":[\"https:\\\/\\\/www.starnberg-bluesrock.de\",\"https:\\\/\\\/www.facebook.com\\\/starnbergbluesrockband\\\/\"]}]}<\/script>\n<!-- \/ Yoast SEO plugin. -->","yoast_head_json":{"title":"Impressum - Starnberg Bluesrock","robots":{"index":"index","follow":"follow","max-snippet":"max-snippet:-1","max-image-preview":"max-image-preview:large","max-video-preview":"max-video-preview:-1"},"canonical":"https:\/\/starnberg-bluesrock.de\/?page_id=22","og_locale":"de_DE","og_type":"article","og_title":"Impressum - Starnberg Bluesrock","og_description":"Impressum\u00a0 Angaben gem\u00e4\u00df \u00a7 5 TMG: Michael Frank, Marthastr. 16, 82131 Gauting Telefon +49 172 8103284, E-Mail frank.starnberg@web.de Haftungsausschluss (Disclaimer) Haftung f\u00fcr Inhalte Als Diensteanbieter sind wir gem\u00e4\u00df \u00a7 7 Abs.1 TMG f\u00fcr eigene Inhalte auf diesen Seiten nach den allgemeinen Gesetzen verantwortlich. Nach \u00a7\u00a7 8 bis 10 TMG sind wir als Diensteanbieter jedoch nicht [&hellip;]","og_url":"https:\/\/starnberg-bluesrock.de\/?page_id=22","og_site_name":"Starnberg Bluesrock","article_publisher":"https:\/\/www.facebook.com\/starnbergbluesrockband\/","article_modified_time":"2022-05-28T15:01:18+00:00","twitter_card":"summary_large_image","twitter_misc":{"Gesch\u00e4tzte Lesezeit":"4\u00a0Minuten"},"schema":{"@context":"https:\/\/schema.org","@graph":[{"@type":"WebPage","@id":"https:\/\/starnberg-bluesrock.de\/?page_id=22","url":"https:\/\/starnberg-bluesrock.de\/?page_id=22","name":"Impressum - Starnberg Bluesrock","isPartOf":{"@id":"https:\/\/starnberg-bluesrock.de\/#website"},"datePublished":"2022-05-22T09:25:15+00:00","dateModified":"2022-05-28T15:01:18+00:00","breadcrumb":{"@id":"https:\/\/starnberg-bluesrock.de\/?page_id=22#breadcrumb"},"inLanguage":"de","potentialAction":[{"@type":"ReadAction","target":["https:\/\/starnberg-bluesrock.de\/?page_id=22"]}]},{"@type":"BreadcrumbList","@id":"https:\/\/starnberg-bluesrock.de\/?page_id=22#breadcrumb","itemListElement":[{"@type":"ListItem","position":1,"name":"Startseite","item":"https:\/\/starnberg-bluesrock.de\/"},{"@type":"ListItem","position":2,"name":"Impressum"}]},{"@type":"WebSite","@id":"https:\/\/starnberg-bluesrock.de\/#website","url":"https:\/\/starnberg-bluesrock.de\/","name":"Starnberg Bluesrock","description":"Blues, Rock, Soul, Reggae &amp; mehr","publisher":{"@id":"https:\/\/starnberg-bluesrock.de\/#\/schema\/person\/b09380e989ae605f721f5127d0f1e952"},"potentialAction":[{"@type":"SearchAction","target":{"@type":"EntryPoint","urlTemplate":"https:\/\/starnberg-bluesrock.de\/?s={search_term_string}"},"query-input":{"@type":"PropertyValueSpecification","valueRequired":true,"valueName":"search_term_string"}}],"inLanguage":"de"},{"@type":["Person","Organization"],"@id":"https:\/\/starnberg-bluesrock.de\/#\/schema\/person\/b09380e989ae605f721f5127d0f1e952","name":"Michi","image":{"@type":"ImageObject","inLanguage":"de","@id":"https:\/\/starnberg-bluesrock.de\/wp-content\/uploads\/2022\/05\/cropped-cropped-cropped-cropped-cropped-LOGONEU-1-1.png","url":"https:\/\/starnberg-bluesrock.de\/wp-content\/uploads\/2022\/05\/cropped-cropped-cropped-cropped-cropped-LOGONEU-1-1.png","contentUrl":"https:\/\/starnberg-bluesrock.de\/wp-content\/uploads\/2022\/05\/cropped-cropped-cropped-cropped-cropped-LOGONEU-1-1.png","width":646,"height":105,"caption":"Michi"},"logo":{"@id":"https:\/\/starnberg-bluesrock.de\/wp-content\/uploads\/2022\/05\/cropped-cropped-cropped-cropped-cropped-LOGONEU-1-1.png"},"sameAs":["https:\/\/www.starnberg-bluesrock.de","https:\/\/www.facebook.com\/starnbergbluesrockband\/"]}]}},"_links":{"self":[{"href":"https:\/\/starnberg-bluesrock.de\/index.php?rest_route=\/wp\/v2\/pages\/22","targetHints":{"allow":["GET"]}}],"collection":[{"href":"https:\/\/starnberg-bluesrock.de\/index.php?rest_route=\/wp\/v2\/pages"}],"about":[{"href":"https:\/\/starnberg-bluesrock.de\/index.php?rest_route=\/wp\/v2\/types\/page"}],"author":[{"embeddable":true,"href":"https:\/\/starnberg-bluesrock.de\/index.php?rest_route=\/wp\/v2\/users\/1"}],"replies":[{"embeddable":true,"href":"https:\/\/starnberg-bluesrock.de\/index.php?rest_route=%2Fwp%2Fv2%2Fcomments&post=22"}],"version-history":[{"count":0,"href":"https:\/\/starnberg-bluesrock.de\/index.php?rest_route=\/wp\/v2\/pages\/22\/revisions"}],"wp:attachment":[{"href":"https:\/\/starnberg-bluesrock.de\/index.php?rest_route=%2Fwp%2Fv2%2Fmedia&parent=22"}],"curies":[{"name":"wp","href":"https:\/\/api.w.org\/{rel}","templated":true}]}}