{"id":149,"date":"2022-05-26T12:08:41","date_gmt":"2022-05-26T12:08:41","guid":{"rendered":"https:\/\/starnberg-bluesrock.de\/?page_id=149"},"modified":"2026-04-03T10:55:13","modified_gmt":"2026-04-03T10:55:13","slug":"der-spass-steht-im-vordergrund","status":"publish","type":"page","link":"https:\/\/starnberg-bluesrock.de\/","title":{"rendered":"Willkommen"},"content":{"rendered":"<div class=\"\" style=\"text-align: justify;\"><span style=\"font-family: arial, helvetica, sans-serif;\">Starnberg Bluesrock steht f\u00fcr mitrei\u00dfende B\u00fchnenpr\u00e4senz und eine abwechslungsreiche Mischung von Klassikern aus Blues, Rock, Reggae und Soul. Hierbei greift die Band auf alte Meister wie Jimi Hendrix, Stevie Ray Vaughan, Eric Clapton, Joe Cocker, Bill Withers, Pink Floyd u.v.a. zur\u00fcck.<\/span><\/div>\n<div style=\"text-align: justify;\">\n<table style=\"border-collapse: collapse; width: 100%;\">\n<tbody>\n<tr>\n<td style=\"width: 100%;\"><\/td>\n<\/tr>\n<\/tbody>\n<\/table>\n<\/div>\n<div class=\"\" style=\"text-align: justify;\"><span style=\"font-family: arial, helvetica, sans-serif;\">Besetzung: Michael Frank (Bass und Kopf der Band), G\u00fcnter Vomberg (Gitarre und Gesang), Rainer Blencke (Gesang und Saxophon), Hartmut Schieder (Keyboard) und Boris A. Kl\u00f6ck (Schlagzeug)<\/span><\/div>\n<div>\n<table style=\"border-collapse: collapse; width: 100%;\">\n<tbody>\n<tr>\n<td style=\"width: 100%;\"><\/td>\n<\/tr>\n<\/tbody>\n<\/table>\n<\/div>\n<div><\/div>\n<div class=\"\" style=\"text-align: center;\"><span style=\"font-family: arial, helvetica, sans-serif; font-size: 18pt;\"><strong>Musik verbindet, der Spa\u00df steht im Vordergrund!<\/strong><\/span><\/div>\n<div><\/div>\n<div>\n<table style=\"border-collapse: collapse; width: 100%;\">\n<tbody>\n<tr>\n<td style=\"width: 100%;\"><\/td>\n<\/tr>\n<\/tbody>\n<\/table>\n<\/div>\n<div><a href=\"https:\/\/starnberg-bluesrock.de\/wp-content\/uploads\/2024\/11\/WhatsApp-Image-2024-11-28-at-07.50.08-10.jpeg\"><img loading=\"lazy\" decoding=\"async\" class=\"aligncenter size-full wp-image-1279\" src=\"https:\/\/starnberg-bluesrock.de\/wp-content\/uploads\/2024\/11\/WhatsApp-Image-2024-11-28-at-07.50.08-10.jpeg\" alt=\"\" width=\"2000\" height=\"1128\" srcset=\"https:\/\/starnberg-bluesrock.de\/wp-content\/uploads\/2024\/11\/WhatsApp-Image-2024-11-28-at-07.50.08-10.jpeg 2000w, https:\/\/starnberg-bluesrock.de\/wp-content\/uploads\/2024\/11\/WhatsApp-Image-2024-11-28-at-07.50.08-10-300x169.jpeg 300w, https:\/\/starnberg-bluesrock.de\/wp-content\/uploads\/2024\/11\/WhatsApp-Image-2024-11-28-at-07.50.08-10-1024x578.jpeg 1024w, https:\/\/starnberg-bluesrock.de\/wp-content\/uploads\/2024\/11\/WhatsApp-Image-2024-11-28-at-07.50.08-10-768x433.jpeg 768w, https:\/\/starnberg-bluesrock.de\/wp-content\/uploads\/2024\/11\/WhatsApp-Image-2024-11-28-at-07.50.08-10-1536x866.jpeg 1536w\" sizes=\"auto, (max-width: 2000px) 100vw, 2000px\" \/>\u00a0<\/a><\/div>\n<table style=\"border-collapse: collapse; width: 100%;\">\n<tbody>\n<tr>\n<td style=\"width: 100%;\"><\/td>\n<\/tr>\n<\/tbody>\n<\/table>\n<p><span style=\"font-family: verdana, geneva, sans-serif;\"><a href=\"https:\/\/starnberg-bluesrock.de\/wp-content\/uploads\/2023\/07\/c928e968-5570-4cb0-b310-b0e949cdd399.jpg\"><img loading=\"lazy\" decoding=\"async\" class=\"aligncenter wp-image-901 size-full\" src=\"https:\/\/starnberg-bluesrock.de\/wp-content\/uploads\/2023\/07\/c928e968-5570-4cb0-b310-b0e949cdd399.jpg\" alt=\"\" width=\"1280\" height=\"720\" srcset=\"https:\/\/starnberg-bluesrock.de\/wp-content\/uploads\/2023\/07\/c928e968-5570-4cb0-b310-b0e949cdd399.jpg 1280w, https:\/\/starnberg-bluesrock.de\/wp-content\/uploads\/2023\/07\/c928e968-5570-4cb0-b310-b0e949cdd399-300x169.jpg 300w, https:\/\/starnberg-bluesrock.de\/wp-content\/uploads\/2023\/07\/c928e968-5570-4cb0-b310-b0e949cdd399-1024x576.jpg 1024w, https:\/\/starnberg-bluesrock.de\/wp-content\/uploads\/2023\/07\/c928e968-5570-4cb0-b310-b0e949cdd399-768x432.jpg 768w\" sizes=\"auto, (max-width: 1280px) 100vw, 1280px\" \/><\/a><\/span><\/p>\n<table style=\"border-collapse: collapse; width: 100%;\">\n<tbody>\n<tr>\n<td style=\"width: 100%;\"><\/td>\n<\/tr>\n<\/tbody>\n<\/table>\n<p><a href=\"https:\/\/starnberg-bluesrock.de\/wp-content\/uploads\/2023\/12\/Bildschirmfoto-2023-12-10-um-14.23.56.png\"><img loading=\"lazy\" decoding=\"async\" class=\"aligncenter size-full wp-image-1037\" src=\"https:\/\/starnberg-bluesrock.de\/wp-content\/uploads\/2023\/12\/Bildschirmfoto-2023-12-10-um-14.23.56.png\" alt=\"\" width=\"1418\" height=\"612\" srcset=\"https:\/\/starnberg-bluesrock.de\/wp-content\/uploads\/2023\/12\/Bildschirmfoto-2023-12-10-um-14.23.56.png 1418w, https:\/\/starnberg-bluesrock.de\/wp-content\/uploads\/2023\/12\/Bildschirmfoto-2023-12-10-um-14.23.56-300x129.png 300w, https:\/\/starnberg-bluesrock.de\/wp-content\/uploads\/2023\/12\/Bildschirmfoto-2023-12-10-um-14.23.56-1024x442.png 1024w, https:\/\/starnberg-bluesrock.de\/wp-content\/uploads\/2023\/12\/Bildschirmfoto-2023-12-10-um-14.23.56-768x331.png 768w\" sizes=\"auto, (max-width: 1418px) 100vw, 1418px\" \/><\/a><\/p>\n","protected":false},"excerpt":{"rendered":"<p>Starnberg Bluesrock steht f\u00fcr mitrei\u00dfende B\u00fchnenpr\u00e4senz und eine abwechslungsreiche Mischung von Klassikern aus Blues, Rock, Reggae und Soul. Hierbei greift die Band auf alte Meister wie Jimi Hendrix, Stevie Ray Vaughan, Eric Clapton, Joe Cocker, Bill Withers, Pink Floyd u.v.a. zur\u00fcck. Besetzung: Michael Frank (Bass und Kopf der Band), G\u00fcnter Vomberg (Gitarre und Gesang), Rainer [&hellip;]<\/p>\n","protected":false},"author":1,"featured_media":0,"parent":0,"menu_order":0,"comment_status":"closed","ping_status":"closed","template":"","meta":{"footnotes":""},"class_list":["post-149","page","type-page","status-publish","hentry"],"yoast_head":"<!-- This site is optimized with the Yoast SEO plugin v27.4 - https:\/\/yoast.com\/product\/yoast-seo-wordpress\/ -->\n<title>STARNBERG BLUESROCK - Blues, Rock, Soul, Reggae &amp; mehr<\/title>\n<meta name=\"description\" content=\"Fester Bestandteil unseres abwechslungsreichen Repertoires sind St\u00fccke der alten Meister, Joe Cocker, Eric Clapton etc. \u2013 aber auch Jimi Hendrix, Stevie Ray Vaughan. Bei unseren Gigs laden wir regelm\u00e4\u00dfig Gastmusiker ein und experimentieren mit Sounds und verschiedenen Instrumenten. Besetzung ist: Michael Frank (Bass und Kopf der Band), G\u00fcnter Vomberg (Gitarre und Gesang), Rainer Blencke (Gesang und Saxophon), Boris A.Kl\u00f6ck (Drums), Hartmut Schieder (Keyboard)\" \/>\n<meta name=\"robots\" content=\"index, follow, max-snippet:-1, max-image-preview:large, max-video-preview:-1\" \/>\n<link rel=\"canonical\" href=\"https:\/\/starnberg-bluesrock.de\/\" \/>\n<meta property=\"og:locale\" content=\"de_DE\" \/>\n<meta property=\"og:type\" content=\"article\" \/>\n<meta property=\"og:title\" content=\"STARNBERG BLUESROCK - Blues, Rock, Soul, Reggae &amp; mehr\" \/>\n<meta property=\"og:description\" content=\"Fester Bestandteil unseres abwechslungsreichen Repertoires sind St\u00fccke der alten Meister, Joe Cocker, Eric Clapton etc. \u2013 aber auch Jimi Hendrix, Stevie Ray Vaughan. Bei unseren Gigs laden wir regelm\u00e4\u00dfig Gastmusiker ein und experimentieren mit Sounds und verschiedenen Instrumenten. Besetzung ist: Michael Frank (Bass und Kopf der Band), G\u00fcnter Vomberg (Gitarre und Gesang), Rainer Blencke (Gesang und Saxophon), Boris A.Kl\u00f6ck (Drums), Hartmut Schieder (Keyboard)\" \/>\n<meta property=\"og:url\" content=\"https:\/\/starnberg-bluesrock.de\/\" \/>\n<meta property=\"og:site_name\" content=\"Starnberg Bluesrock\" \/>\n<meta property=\"article:publisher\" content=\"https:\/\/www.facebook.com\/starnbergbluesrockband\/\" \/>\n<meta property=\"article:modified_time\" content=\"2026-04-03T10:55:13+00:00\" \/>\n<meta property=\"og:image\" content=\"https:\/\/starnberg-bluesrock.de\/wp-content\/uploads\/2024\/11\/WhatsApp-Image-2024-11-28-at-07.50.08-10.jpeg\" \/>\n\t<meta property=\"og:image:width\" content=\"2000\" \/>\n\t<meta property=\"og:image:height\" content=\"1128\" \/>\n\t<meta property=\"og:image:type\" content=\"image\/jpeg\" \/>\n<meta name=\"twitter:card\" content=\"summary_large_image\" \/>\n<meta name=\"twitter:label1\" content=\"Gesch\u00e4tzte Lesezeit\" \/>\n\t<meta name=\"twitter:data1\" content=\"2\u00a0Minuten\" \/>\n<script type=\"application\/ld+json\" class=\"yoast-schema-graph\">{\"@context\":\"https:\\\/\\\/schema.org\",\"@graph\":[{\"@type\":\"Article\",\"@id\":\"https:\\\/\\\/starnberg-bluesrock.de\\\/#article\",\"isPartOf\":{\"@id\":\"https:\\\/\\\/starnberg-bluesrock.de\\\/\"},\"author\":{\"name\":\"Michi\",\"@id\":\"https:\\\/\\\/starnberg-bluesrock.de\\\/#\\\/schema\\\/person\\\/b09380e989ae605f721f5127d0f1e952\"},\"headline\":\"Willkommen\",\"datePublished\":\"2022-05-26T12:08:41+00:00\",\"dateModified\":\"2026-04-03T10:55:13+00:00\",\"mainEntityOfPage\":{\"@id\":\"https:\\\/\\\/starnberg-bluesrock.de\\\/\"},\"wordCount\":84,\"publisher\":{\"@id\":\"https:\\\/\\\/starnberg-bluesrock.de\\\/#\\\/schema\\\/person\\\/b09380e989ae605f721f5127d0f1e952\"},\"image\":{\"@id\":\"https:\\\/\\\/starnberg-bluesrock.de\\\/#primaryimage\"},\"thumbnailUrl\":\"https:\\\/\\\/starnberg-bluesrock.de\\\/wp-content\\\/uploads\\\/2024\\\/11\\\/WhatsApp-Image-2024-11-28-at-07.50.08-10.jpeg\",\"inLanguage\":\"de\"},{\"@type\":\"WebPage\",\"@id\":\"https:\\\/\\\/starnberg-bluesrock.de\\\/\",\"url\":\"https:\\\/\\\/starnberg-bluesrock.de\\\/\",\"name\":\"STARNBERG BLUESROCK - Blues, Rock, Soul, Reggae & mehr\",\"isPartOf\":{\"@id\":\"https:\\\/\\\/starnberg-bluesrock.de\\\/#website\"},\"primaryImageOfPage\":{\"@id\":\"https:\\\/\\\/starnberg-bluesrock.de\\\/#primaryimage\"},\"image\":{\"@id\":\"https:\\\/\\\/starnberg-bluesrock.de\\\/#primaryimage\"},\"thumbnailUrl\":\"https:\\\/\\\/starnberg-bluesrock.de\\\/wp-content\\\/uploads\\\/2024\\\/11\\\/WhatsApp-Image-2024-11-28-at-07.50.08-10.jpeg\",\"datePublished\":\"2022-05-26T12:08:41+00:00\",\"dateModified\":\"2026-04-03T10:55:13+00:00\",\"description\":\"Fester Bestandteil unseres abwechslungsreichen Repertoires sind St\u00fccke der alten Meister, Joe Cocker, Eric Clapton etc. \u2013 aber auch Jimi Hendrix, Stevie Ray Vaughan. Bei unseren Gigs laden wir regelm\u00e4\u00dfig Gastmusiker ein und experimentieren mit Sounds und verschiedenen Instrumenten. Besetzung ist: Michael Frank (Bass und Kopf der Band), G\u00fcnter Vomberg (Gitarre und Gesang), Rainer Blencke (Gesang und Saxophon), Boris A.Kl\u00f6ck (Drums), Hartmut Schieder (Keyboard)\",\"breadcrumb\":{\"@id\":\"https:\\\/\\\/starnberg-bluesrock.de\\\/#breadcrumb\"},\"inLanguage\":\"de\",\"potentialAction\":[{\"@type\":\"ReadAction\",\"target\":[\"https:\\\/\\\/starnberg-bluesrock.de\\\/\"]}]},{\"@type\":\"ImageObject\",\"inLanguage\":\"de\",\"@id\":\"https:\\\/\\\/starnberg-bluesrock.de\\\/#primaryimage\",\"url\":\"https:\\\/\\\/starnberg-bluesrock.de\\\/wp-content\\\/uploads\\\/2024\\\/11\\\/WhatsApp-Image-2024-11-28-at-07.50.08-10.jpeg\",\"contentUrl\":\"https:\\\/\\\/starnberg-bluesrock.de\\\/wp-content\\\/uploads\\\/2024\\\/11\\\/WhatsApp-Image-2024-11-28-at-07.50.08-10.jpeg\"},{\"@type\":\"BreadcrumbList\",\"@id\":\"https:\\\/\\\/starnberg-bluesrock.de\\\/#breadcrumb\",\"itemListElement\":[{\"@type\":\"ListItem\",\"position\":1,\"name\":\"Startseite\",\"item\":\"https:\\\/\\\/starnberg-bluesrock.de\\\/\"},{\"@type\":\"ListItem\",\"position\":2,\"name\":\"Willkommen\"}]},{\"@type\":\"WebSite\",\"@id\":\"https:\\\/\\\/starnberg-bluesrock.de\\\/#website\",\"url\":\"https:\\\/\\\/starnberg-bluesrock.de\\\/\",\"name\":\"Starnberg Bluesrock\",\"description\":\"Blues, Rock, Soul, Reggae &amp; mehr\",\"publisher\":{\"@id\":\"https:\\\/\\\/starnberg-bluesrock.de\\\/#\\\/schema\\\/person\\\/b09380e989ae605f721f5127d0f1e952\"},\"potentialAction\":[{\"@type\":\"SearchAction\",\"target\":{\"@type\":\"EntryPoint\",\"urlTemplate\":\"https:\\\/\\\/starnberg-bluesrock.de\\\/?s={search_term_string}\"},\"query-input\":{\"@type\":\"PropertyValueSpecification\",\"valueRequired\":true,\"valueName\":\"search_term_string\"}}],\"inLanguage\":\"de\"},{\"@type\":[\"Person\",\"Organization\"],\"@id\":\"https:\\\/\\\/starnberg-bluesrock.de\\\/#\\\/schema\\\/person\\\/b09380e989ae605f721f5127d0f1e952\",\"name\":\"Michi\",\"image\":{\"@type\":\"ImageObject\",\"inLanguage\":\"de\",\"@id\":\"https:\\\/\\\/starnberg-bluesrock.de\\\/wp-content\\\/uploads\\\/2022\\\/05\\\/cropped-cropped-cropped-cropped-cropped-LOGONEU-1-1.png\",\"url\":\"https:\\\/\\\/starnberg-bluesrock.de\\\/wp-content\\\/uploads\\\/2022\\\/05\\\/cropped-cropped-cropped-cropped-cropped-LOGONEU-1-1.png\",\"contentUrl\":\"https:\\\/\\\/starnberg-bluesrock.de\\\/wp-content\\\/uploads\\\/2022\\\/05\\\/cropped-cropped-cropped-cropped-cropped-LOGONEU-1-1.png\",\"width\":646,\"height\":105,\"caption\":\"Michi\"},\"logo\":{\"@id\":\"https:\\\/\\\/starnberg-bluesrock.de\\\/wp-content\\\/uploads\\\/2022\\\/05\\\/cropped-cropped-cropped-cropped-cropped-LOGONEU-1-1.png\"},\"sameAs\":[\"https:\\\/\\\/www.starnberg-bluesrock.de\",\"https:\\\/\\\/www.facebook.com\\\/starnbergbluesrockband\\\/\"],\"url\":\"https:\\\/\\\/starnberg-bluesrock.de\\\/?author=1\"}]}<\/script>\n<!-- \/ Yoast SEO plugin. -->","yoast_head_json":{"title":"STARNBERG BLUESROCK - Blues, Rock, Soul, Reggae & mehr","description":"Fester Bestandteil unseres abwechslungsreichen Repertoires sind St\u00fccke der alten Meister, Joe Cocker, Eric Clapton etc. \u2013 aber auch Jimi Hendrix, Stevie Ray Vaughan. Bei unseren Gigs laden wir regelm\u00e4\u00dfig Gastmusiker ein und experimentieren mit Sounds und verschiedenen Instrumenten. Besetzung ist: Michael Frank (Bass und Kopf der Band), G\u00fcnter Vomberg (Gitarre und Gesang), Rainer Blencke (Gesang und Saxophon), Boris A.Kl\u00f6ck (Drums), Hartmut Schieder (Keyboard)","robots":{"index":"index","follow":"follow","max-snippet":"max-snippet:-1","max-image-preview":"max-image-preview:large","max-video-preview":"max-video-preview:-1"},"canonical":"https:\/\/starnberg-bluesrock.de\/","og_locale":"de_DE","og_type":"article","og_title":"STARNBERG BLUESROCK - Blues, Rock, Soul, Reggae & mehr","og_description":"Fester Bestandteil unseres abwechslungsreichen Repertoires sind St\u00fccke der alten Meister, Joe Cocker, Eric Clapton etc. \u2013 aber auch Jimi Hendrix, Stevie Ray Vaughan. Bei unseren Gigs laden wir regelm\u00e4\u00dfig Gastmusiker ein und experimentieren mit Sounds und verschiedenen Instrumenten. Besetzung ist: Michael Frank (Bass und Kopf der Band), G\u00fcnter Vomberg (Gitarre und Gesang), Rainer Blencke (Gesang und Saxophon), Boris A.Kl\u00f6ck (Drums), Hartmut Schieder (Keyboard)","og_url":"https:\/\/starnberg-bluesrock.de\/","og_site_name":"Starnberg Bluesrock","article_publisher":"https:\/\/www.facebook.com\/starnbergbluesrockband\/","article_modified_time":"2026-04-03T10:55:13+00:00","og_image":[{"width":2000,"height":1128,"url":"https:\/\/starnberg-bluesrock.de\/wp-content\/uploads\/2024\/11\/WhatsApp-Image-2024-11-28-at-07.50.08-10.jpeg","type":"image\/jpeg"}],"twitter_card":"summary_large_image","twitter_misc":{"Gesch\u00e4tzte Lesezeit":"2\u00a0Minuten"},"schema":{"@context":"https:\/\/schema.org","@graph":[{"@type":"Article","@id":"https:\/\/starnberg-bluesrock.de\/#article","isPartOf":{"@id":"https:\/\/starnberg-bluesrock.de\/"},"author":{"name":"Michi","@id":"https:\/\/starnberg-bluesrock.de\/#\/schema\/person\/b09380e989ae605f721f5127d0f1e952"},"headline":"Willkommen","datePublished":"2022-05-26T12:08:41+00:00","dateModified":"2026-04-03T10:55:13+00:00","mainEntityOfPage":{"@id":"https:\/\/starnberg-bluesrock.de\/"},"wordCount":84,"publisher":{"@id":"https:\/\/starnberg-bluesrock.de\/#\/schema\/person\/b09380e989ae605f721f5127d0f1e952"},"image":{"@id":"https:\/\/starnberg-bluesrock.de\/#primaryimage"},"thumbnailUrl":"https:\/\/starnberg-bluesrock.de\/wp-content\/uploads\/2024\/11\/WhatsApp-Image-2024-11-28-at-07.50.08-10.jpeg","inLanguage":"de"},{"@type":"WebPage","@id":"https:\/\/starnberg-bluesrock.de\/","url":"https:\/\/starnberg-bluesrock.de\/","name":"STARNBERG BLUESROCK - Blues, Rock, Soul, Reggae & mehr","isPartOf":{"@id":"https:\/\/starnberg-bluesrock.de\/#website"},"primaryImageOfPage":{"@id":"https:\/\/starnberg-bluesrock.de\/#primaryimage"},"image":{"@id":"https:\/\/starnberg-bluesrock.de\/#primaryimage"},"thumbnailUrl":"https:\/\/starnberg-bluesrock.de\/wp-content\/uploads\/2024\/11\/WhatsApp-Image-2024-11-28-at-07.50.08-10.jpeg","datePublished":"2022-05-26T12:08:41+00:00","dateModified":"2026-04-03T10:55:13+00:00","description":"Fester Bestandteil unseres abwechslungsreichen Repertoires sind St\u00fccke der alten Meister, Joe Cocker, Eric Clapton etc. \u2013 aber auch Jimi Hendrix, Stevie Ray Vaughan. Bei unseren Gigs laden wir regelm\u00e4\u00dfig Gastmusiker ein und experimentieren mit Sounds und verschiedenen Instrumenten. Besetzung ist: Michael Frank (Bass und Kopf der Band), G\u00fcnter Vomberg (Gitarre und Gesang), Rainer Blencke (Gesang und Saxophon), Boris A.Kl\u00f6ck (Drums), Hartmut Schieder (Keyboard)","breadcrumb":{"@id":"https:\/\/starnberg-bluesrock.de\/#breadcrumb"},"inLanguage":"de","potentialAction":[{"@type":"ReadAction","target":["https:\/\/starnberg-bluesrock.de\/"]}]},{"@type":"ImageObject","inLanguage":"de","@id":"https:\/\/starnberg-bluesrock.de\/#primaryimage","url":"https:\/\/starnberg-bluesrock.de\/wp-content\/uploads\/2024\/11\/WhatsApp-Image-2024-11-28-at-07.50.08-10.jpeg","contentUrl":"https:\/\/starnberg-bluesrock.de\/wp-content\/uploads\/2024\/11\/WhatsApp-Image-2024-11-28-at-07.50.08-10.jpeg"},{"@type":"BreadcrumbList","@id":"https:\/\/starnberg-bluesrock.de\/#breadcrumb","itemListElement":[{"@type":"ListItem","position":1,"name":"Startseite","item":"https:\/\/starnberg-bluesrock.de\/"},{"@type":"ListItem","position":2,"name":"Willkommen"}]},{"@type":"WebSite","@id":"https:\/\/starnberg-bluesrock.de\/#website","url":"https:\/\/starnberg-bluesrock.de\/","name":"Starnberg Bluesrock","description":"Blues, Rock, Soul, Reggae &amp; mehr","publisher":{"@id":"https:\/\/starnberg-bluesrock.de\/#\/schema\/person\/b09380e989ae605f721f5127d0f1e952"},"potentialAction":[{"@type":"SearchAction","target":{"@type":"EntryPoint","urlTemplate":"https:\/\/starnberg-bluesrock.de\/?s={search_term_string}"},"query-input":{"@type":"PropertyValueSpecification","valueRequired":true,"valueName":"search_term_string"}}],"inLanguage":"de"},{"@type":["Person","Organization"],"@id":"https:\/\/starnberg-bluesrock.de\/#\/schema\/person\/b09380e989ae605f721f5127d0f1e952","name":"Michi","image":{"@type":"ImageObject","inLanguage":"de","@id":"https:\/\/starnberg-bluesrock.de\/wp-content\/uploads\/2022\/05\/cropped-cropped-cropped-cropped-cropped-LOGONEU-1-1.png","url":"https:\/\/starnberg-bluesrock.de\/wp-content\/uploads\/2022\/05\/cropped-cropped-cropped-cropped-cropped-LOGONEU-1-1.png","contentUrl":"https:\/\/starnberg-bluesrock.de\/wp-content\/uploads\/2022\/05\/cropped-cropped-cropped-cropped-cropped-LOGONEU-1-1.png","width":646,"height":105,"caption":"Michi"},"logo":{"@id":"https:\/\/starnberg-bluesrock.de\/wp-content\/uploads\/2022\/05\/cropped-cropped-cropped-cropped-cropped-LOGONEU-1-1.png"},"sameAs":["https:\/\/www.starnberg-bluesrock.de","https:\/\/www.facebook.com\/starnbergbluesrockband\/"],"url":"https:\/\/starnberg-bluesrock.de\/?author=1"}]}},"_links":{"self":[{"href":"https:\/\/starnberg-bluesrock.de\/index.php?rest_route=\/wp\/v2\/pages\/149","targetHints":{"allow":["GET"]}}],"collection":[{"href":"https:\/\/starnberg-bluesrock.de\/index.php?rest_route=\/wp\/v2\/pages"}],"about":[{"href":"https:\/\/starnberg-bluesrock.de\/index.php?rest_route=\/wp\/v2\/types\/page"}],"author":[{"embeddable":true,"href":"https:\/\/starnberg-bluesrock.de\/index.php?rest_route=\/wp\/v2\/users\/1"}],"replies":[{"embeddable":true,"href":"https:\/\/starnberg-bluesrock.de\/index.php?rest_route=%2Fwp%2Fv2%2Fcomments&post=149"}],"version-history":[{"count":0,"href":"https:\/\/starnberg-bluesrock.de\/index.php?rest_route=\/wp\/v2\/pages\/149\/revisions"}],"wp:attachment":[{"href":"https:\/\/starnberg-bluesrock.de\/index.php?rest_route=%2Fwp%2Fv2%2Fmedia&parent=149"}],"curies":[{"name":"wp","href":"https:\/\/api.w.org\/{rel}","templated":true}]}}